{"id":7928,"date":"2020-12-28T10:14:01","date_gmt":"2020-12-28T10:14:01","guid":{"rendered":"https:\/\/gencogrup.com\/about-gencogrup\/"},"modified":"2021-08-02T08:06:09","modified_gmt":"2021-08-02T08:06:09","slug":"hakkimizda","status":"publish","type":"page","link":"https:\/\/gencogrup.com\/tr\/hakkimizda\/","title":{"rendered":"GencoGrup Hakk\u0131nda"},"content":{"rendered":"<div class=\"wpb-content-wrapper\"><p>[vc_row content_placement=&#8221;middle&#8221; css=&#8221;.vc_custom_1505555012006{margin-bottom: 5vh !important;}&#8221;][vc_column offset=&#8221;vc_col-md-6&#8243;]\t\t<div id=\"gallery_276\" class=\"wd-images-gallery wd-wpb photoswipe-images\" style=\"--wd-justify-content:center;--wd-align-items:center;\">\n\t\t\t\n\t\t\t<div class=\" wd-grid-g\" style=\"--wd-col-lg:2;--wd-col-md:2;--wd-col-sm:1;--wd-gap-lg:2px;\">\n\t\t\t\t\n\t\t\t\t\t\t\t\t\t\t\t\t\t\t\t<div class=\"wd-gallery-item wd-col\">\n\t\t\t\t\t\t\t\t\t\t\t\t\t\t<a href=\"\" data-elementor-open-lightbox=\"no\" data-index=\"1\" data-width=\"\" data-height=\"\" \n\t\t\t\t\t\t\t\t\t\t\t\t\t\t\t\t\t\t\t\t>\n\t\t\t\t\t\t\t\t\n\t\t\t\t\t\t\t\t\n\t\t\t\t\t\t\t\t\t\t\t\t\t\t\t<\/a>\n\t\t\t\t\t\t\t\t\t\t\t\t<\/div>\n\t\t\t\t\t\t\t\t\t\t\t<div class=\"wd-gallery-item wd-col\">\n\t\t\t\t\t\t\t\t\t\t\t\t\t\t<a href=\"https:\/\/gencogrup.com\/wp-content\/uploads\/2020\/09\/256.jpg\" data-elementor-open-lightbox=\"no\" data-index=\"2\" data-width=\"700\" data-height=\"800\" \n\t\t\t\t\t\t\t\t\t\t\t\t\t\t\t\t\t\t\t\t>\n\t\t\t\t\t\t\t\t\n\t\t\t\t\t\t\t\t<img loading=\"lazy\" decoding=\"async\" width=\"525\" height=\"600\" src=\"https:\/\/gencogrup.com\/wp-content\/uploads\/2020\/09\/256.jpg\" class=\"wd-gallery-image image-2\" alt=\"\" srcset=\"https:\/\/gencogrup.com\/wp-content\/uploads\/2020\/09\/256.jpg 700w, https:\/\/gencogrup.com\/wp-content\/uploads\/2020\/09\/256-150x171.jpg 150w, https:\/\/gencogrup.com\/wp-content\/uploads\/2020\/09\/256-263x300.jpg 263w\" sizes=\"auto, (max-width: 525px) 100vw, 525px\" \/>\n\t\t\t\t\t\t\t\t\t\t\t\t\t\t\t<\/a>\n\t\t\t\t\t\t\t\t\t\t\t\t<\/div>\n\t\t\t\t\t\t\t\t\t\t\t<div class=\"wd-gallery-item wd-col\">\n\t\t\t\t\t\t\t\t\t\t\t\t\t\t<a href=\"https:\/\/gencogrup.com\/wp-content\/uploads\/2020\/09\/152.jpg\" data-elementor-open-lightbox=\"no\" data-index=\"3\" data-width=\"700\" data-height=\"800\" \n\t\t\t\t\t\t\t\t\t\t\t\t\t\t\t\t\t\t\t\t>\n\t\t\t\t\t\t\t\t\n\t\t\t\t\t\t\t\t<img loading=\"lazy\" decoding=\"async\" width=\"525\" height=\"600\" src=\"https:\/\/gencogrup.com\/wp-content\/uploads\/2020\/09\/152.jpg\" class=\"wd-gallery-image image-3\" alt=\"\" srcset=\"https:\/\/gencogrup.com\/wp-content\/uploads\/2020\/09\/152.jpg 700w, https:\/\/gencogrup.com\/wp-content\/uploads\/2020\/09\/152-150x171.jpg 150w, https:\/\/gencogrup.com\/wp-content\/uploads\/2020\/09\/152-263x300.jpg 263w\" sizes=\"auto, (max-width: 525px) 100vw, 525px\" \/>\n\t\t\t\t\t\t\t\t\t\t\t\t\t\t\t<\/a>\n\t\t\t\t\t\t\t\t\t\t\t\t<\/div>\n\t\t\t\t\t\t\t\t\t\t\t<div class=\"wd-gallery-item wd-col\">\n\t\t\t\t\t\t\t\t\t\t\t\t\t\t<a href=\"https:\/\/gencogrup.com\/wp-content\/uploads\/2020\/09\/279.jpg\" data-elementor-open-lightbox=\"no\" data-index=\"4\" data-width=\"700\" data-height=\"800\" \n\t\t\t\t\t\t\t\t\t\t\t\t\t\t\t\t\t\t\t\t>\n\t\t\t\t\t\t\t\t\n\t\t\t\t\t\t\t\t<img loading=\"lazy\" decoding=\"async\" width=\"525\" height=\"600\" src=\"https:\/\/gencogrup.com\/wp-content\/uploads\/2020\/09\/279.jpg\" class=\"wd-gallery-image image-4\" alt=\"\" srcset=\"https:\/\/gencogrup.com\/wp-content\/uploads\/2020\/09\/279.jpg 700w, https:\/\/gencogrup.com\/wp-content\/uploads\/2020\/09\/279-150x171.jpg 150w, https:\/\/gencogrup.com\/wp-content\/uploads\/2020\/09\/279-263x300.jpg 263w\" sizes=\"auto, (max-width: 525px) 100vw, 525px\" \/>\n\t\t\t\t\t\t\t\t\t\t\t\t\t\t\t<\/a>\n\t\t\t\t\t\t\t\t\t\t\t\t<\/div>\n\t\t\t\t\t\t\t\t\t\n\t\t\t\t\t\t\t<\/div>\n\n\t\t\t\t\t<\/div>\n\t\t[\/vc_column][vc_column woodmart_color_scheme=&#8221;dark&#8221; css=&#8221;.vc_custom_1505897347535{padding-top: 2vh !important;padding-bottom: 2vh !important;background-position: 0 0 !important;background-repeat: no-repeat !important;}&#8221; offset=&#8221;vc_col-md-6 vc_col-xs-12&#8243;]\t\t\t<div id=\"wd-5fe9aeddb2739\" class=\"wd-text-block-wrapper wd-wpb wd-rs-5fe9aeddb2739 color-scheme-custom text-left vc_custom_1609150251244\">\n\t\t\t\t<div class=\"woodmart-title-container woodmart-text-block reset-last-child font-primary wd-font-weight-400 \">\n\t\t\t\t\tGENCO GRUP HAKKINDA <span class=\"en\">MED\u0130KAL AYAKKABILAR \u0130\u00c7\u0130N<\/span>\t\t\t\t<\/div>\n\n\t\t\t\t\t\t\t<\/div>\n\t\t[vc_zigzag align=&#8221;left&#8221; el_width=&#8221;20&#8243; css=&#8221;.vc_custom_1506086489692{margin-top: 10px !important;margin-bottom: 10px !important;}&#8221;][vc_row_inner css=&#8221;.vc_custom_1497001704725{margin-bottom: 10px !important;}&#8221;][vc_column_inner][vc_column_text css=&#8221;.vc_custom_1609252029353{margin-bottom: 20px !important;}&#8221; text_larger=&#8221;no&#8221;]<\/p>\n<p style=\"font-size: 16px;margin-bottom: 10px;text-align: justify\">Gencogrup, 2014&#8217;ten beri hastalara \u00f6zel ortez, ayakkab\u0131, yan\u0131k giysileri ve lenf\u00f6dem kompresyon tedavisi giysileri sunmaktad\u0131r.<\/p>\n<p style=\"font-size: 16px;margin-bottom: 10px;text-align: justify\">Hastalar\u0131m\u0131z\u0131 m\u00fcmk\u00fcn olan en y\u00fcksek ya\u015fam kalitesine ula\u015fmalar\u0131nda desteklemek i\u00e7in en son teknolojiyi insan v\u00fccudu ve fizyoloji, patofizyoloji, biyomekanik ve uygulamal\u0131 bilim alan\u0131ndaki uzmanl\u0131\u011f\u0131m\u0131zla birle\u015ftiriyoruz. Daha da \u00f6nemlisi, t\u00fcm hizmetlerimizi samimi, cana yak\u0131n, sayg\u0131l\u0131 ve \u015fefkatli bir ortamda sunarak benzersiz bir tedavi deneyimi sa\u011flamay\u0131 taahh\u00fct ediyoruz.<\/p>\n<p style=\"font-size: 16px;margin-bottom: 10px;text-align: left\">\u015eefkatle dinleyerek ve a\u00e7\u0131k tart\u0131\u015fmay\u0131 te\u015fvik ederek hastalar\u0131m\u0131z\u0131n hayatlar\u0131n\u0131 yeniden m\u00fcmk\u00fcn k\u0131lmak i\u00e7in hastalar, doktorlar ve terapistlerle birlikte \u00e7al\u0131\u015f\u0131yoruz. Hastalar\u0131m\u0131z\u0131n hedeflerine ve yeteneklerine ba\u011fl\u0131 olarak ortezimizde en \u00fcst d\u00fczeyde konfor, dayan\u0131kl\u0131l\u0131k, i\u015flev ve uyum sa\u011fl\u0131yoruz.<\/p>\n<p>[\/vc_column_text][\/vc_column_inner][\/vc_row_inner][\/vc_column][\/vc_row][vc_row content_placement=&#8221;middle&#8221; woodmart_bg_position=&#8221;center-top&#8221; css=&#8221;.vc_custom_1609153966213{background-position: 0 0 !important;background-repeat: no-repeat !important;}&#8221; mobile_bg_img_hidden=&#8221;no&#8221; tablet_bg_img_hidden=&#8221;no&#8221; woodmart_parallax=&#8221;0&#8243; woodmart_gradient_switch=&#8221;no&#8221; row_reverse_mobile=&#8221;0&#8243; row_reverse_tablet=&#8221;0&#8243; woodmart_disable_overflow=&#8221;1&#8243;][vc_column width=&#8221;1\/3&#8243; css=&#8221;.vc_custom_1563966657765{padding-top: 0px !important;}&#8221; mobile_bg_img_hidden=&#8221;no&#8221; tablet_bg_img_hidden=&#8221;no&#8221; woodmart_parallax=&#8221;0&#8243; woodmart_sticky_column=&#8221;false&#8221; parallax_scroll=&#8221;no&#8221; mobile_reset_margin=&#8221;no&#8221; tablet_reset_margin=&#8221;no&#8221; offset=&#8221;vc_col-lg-4 vc_col-md-4&#8243;]\t\t\t<div class=\"info-box-wrapper\">\n\t\t\t\t<div id=\"wd-5fe9bcdeb502a\" class=\" wd-rs-5fe9bcdeb502a wd-info-box wd-wpb text-right box-icon-align-right box-style- color-scheme- wd-bg-none wd-items-top vc_custom_1609153801304\">\n\t\t\t\t\t\t\t\t\t\t\t<div class=\"box-icon-wrapper  box-with-icon box-icon-simple\">\n\t\t\t\t\t\t\t<div class=\"info-box-icon\">\n\t\t\t\t\t\t\t\t<img loading=\"lazy\" decoding=\"async\" width=\"80\" height=\"80\" src=\"https:\/\/gencogrup.com\/wp-content\/uploads\/2020\/12\/icons8-certificate-80-80x80.png\" class=\"attachment-80x80 size-80x80\" alt=\"\" \/>\t\t\t\t\t\t\t<\/div>\n\t\t\t\t\t\t<\/div>\n\t\t\t\t\t\t\t\t\t\t<div class=\"info-box-content\">\n\t\t\t\t\t\t<h4 class=\"info-box-title title box-title-style-default wd-fontsize-xl\">Tecr\u00fcbe<\/h4>\t\t\t\t\t\t<div class=\"info-box-inner reset-last-child\"><\/div>\n\n\t\t\t\t\t\t\t\t\t\t\t<\/div>\n\n\t\t\t\t\t\t\t\t\t\t\t<a class=\"wd-info-box-link wd-fill\" aria-label=\"Infobox link\" href=\"#\" title=\"\"><\/a>\n\t\t\t\t\t\n\t\t\t\t\t\t\t\t\t<\/div>\n\t\t\t<\/div>\n\t\t\t\t\t<div class=\"info-box-wrapper\">\n\t\t\t\t<div id=\"wd-5fe9bd0ddf98e\" class=\" wd-rs-5fe9bd0ddf98e wd-info-box wd-wpb text-right box-icon-align-right box-style- color-scheme- wd-bg-none wd-items-top vc_custom_1609153821845\">\n\t\t\t\t\t\t\t\t\t\t\t<div class=\"box-icon-wrapper  box-with-icon box-icon-simple\">\n\t\t\t\t\t\t\t<div class=\"info-box-icon\">\n\t\t\t\t\t\t\t\t<img loading=\"lazy\" decoding=\"async\" width=\"80\" height=\"80\" src=\"https:\/\/gencogrup.com\/wp-content\/uploads\/2020\/12\/icons8-support-80-80x80.png\" class=\"attachment-80x80 size-80x80\" alt=\"\" \/>\t\t\t\t\t\t\t<\/div>\n\t\t\t\t\t\t<\/div>\n\t\t\t\t\t\t\t\t\t\t<div class=\"info-box-content\">\n\t\t\t\t\t\t<h4 class=\"info-box-title title box-title-style-default wd-fontsize-xl\">Teknoloji<\/h4>\t\t\t\t\t\t<div class=\"info-box-inner reset-last-child\"><\/div>\n\n\t\t\t\t\t\t\t\t\t\t\t<\/div>\n\n\t\t\t\t\t\t\t\t\t\t\t<a class=\"wd-info-box-link wd-fill\" aria-label=\"Infobox link\" href=\"#\" title=\"\"><\/a>\n\t\t\t\t\t\n\t\t\t\t\t\t\t\t\t<\/div>\n\t\t\t<\/div>\n\t\t[\/vc_column][vc_column width=&#8221;1\/3&#8243; css=&#8221;.vc_custom_1563979081445{padding-top: 0px !important;}&#8221; mobile_bg_img_hidden=&#8221;no&#8221; tablet_bg_img_hidden=&#8221;no&#8221; woodmart_parallax=&#8221;0&#8243; woodmart_sticky_column=&#8221;false&#8221; parallax_scroll=&#8221;no&#8221; mobile_reset_margin=&#8221;no&#8221; tablet_reset_margin=&#8221;no&#8221; offset=&#8221;vc_col-lg-4 vc_col-md-4&#8243;][vc_single_image image=&#8221;7303&#8243; img_size=&#8221;249&#215;380&#8243; alignment=&#8221;center&#8221; parallax_scroll=&#8221;no&#8221; css=&#8221;.vc_custom_1609151350405{margin-bottom: 0px !important;}&#8221;][\/vc_column][vc_column width=&#8221;1\/3&#8243; css=&#8221;.vc_custom_1563966676576{padding-top: 0px !important;}&#8221; mobile_bg_img_hidden=&#8221;no&#8221; tablet_bg_img_hidden=&#8221;no&#8221; woodmart_parallax=&#8221;0&#8243; woodmart_sticky_column=&#8221;false&#8221; parallax_scroll=&#8221;no&#8221; mobile_reset_margin=&#8221;no&#8221; tablet_reset_margin=&#8221;no&#8221; offset=&#8221;vc_col-lg-4 vc_col-md-4&#8243;]\t\t\t<div class=\"info-box-wrapper\">\n\t\t\t\t<div id=\"wd-5fe9bd21be3a3\" class=\" wd-rs-5fe9bd21be3a3 wd-info-box wd-wpb text-left box-icon-align-left box-style- color-scheme- wd-bg-none wd-items-top vc_custom_1609153872751\">\n\t\t\t\t\t\t\t\t\t\t\t<div class=\"box-icon-wrapper  box-with-icon box-icon-simple\">\n\t\t\t\t\t\t\t<div class=\"info-box-icon\">\n\t\t\t\t\t\t\t\t<img loading=\"lazy\" decoding=\"async\" width=\"80\" height=\"80\" src=\"https:\/\/gencogrup.com\/wp-content\/uploads\/2020\/12\/icons8-puzzle-80-80x80.png\" class=\"attachment-80x80 size-80x80\" alt=\"\" \/>\t\t\t\t\t\t\t<\/div>\n\t\t\t\t\t\t<\/div>\n\t\t\t\t\t\t\t\t\t\t<div class=\"info-box-content\">\n\t\t\t\t\t\t<h4 class=\"info-box-title title box-title-style-default wd-fontsize-xl\">Uzmanl\u0131k<\/h4>\t\t\t\t\t\t<div class=\"info-box-inner reset-last-child\"><\/div>\n\n\t\t\t\t\t\t\t\t\t\t\t<\/div>\n\n\t\t\t\t\t\t\t\t\t\t\t<a class=\"wd-info-box-link wd-fill\" aria-label=\"Infobox link\" href=\"#\" title=\"\"><\/a>\n\t\t\t\t\t\n\t\t\t\t\t\t\t\t\t<\/div>\n\t\t\t<\/div>\n\t\t\t\t\t<div class=\"info-box-wrapper\">\n\t\t\t\t<div id=\"wd-5fe9bd55c6d78\" class=\" wd-rs-5fe9bd55c6d78 wd-info-box wd-wpb text-left box-icon-align-left box-style- color-scheme- wd-bg-none wd-items-top vc_custom_1609153888920\">\n\t\t\t\t\t\t\t\t\t\t\t<div class=\"box-icon-wrapper  box-with-icon box-icon-simple\">\n\t\t\t\t\t\t\t<div class=\"info-box-icon\">\n\t\t\t\t\t\t\t\t<img loading=\"lazy\" decoding=\"async\" width=\"80\" height=\"80\" src=\"https:\/\/gencogrup.com\/wp-content\/uploads\/2020\/12\/icons8-synchronize-80-80x80.png\" class=\"attachment-80x80 size-80x80\" alt=\"\" \/>\t\t\t\t\t\t\t<\/div>\n\t\t\t\t\t\t<\/div>\n\t\t\t\t\t\t\t\t\t\t<div class=\"info-box-content\">\n\t\t\t\t\t\t<h4 class=\"info-box-title title box-title-style-default wd-fontsize-xl\">\u015eefk\u00e2t<\/h4>\t\t\t\t\t\t<div class=\"info-box-inner reset-last-child\"><\/div>\n\n\t\t\t\t\t\t\t\t\t\t\t<\/div>\n\n\t\t\t\t\t\t\t\t\t\t\t<a class=\"wd-info-box-link wd-fill\" aria-label=\"Infobox link\" href=\"#\" title=\"\"><\/a>\n\t\t\t\t\t\n\t\t\t\t\t\t\t\t\t<\/div>\n\t\t\t<\/div>\n\t\t[\/vc_column][\/vc_row][vc_row content_placement=&#8221;middle&#8221; css=&#8221;.vc_custom_1505555012006{margin-bottom: 5vh !important;}&#8221;][vc_column woodmart_color_scheme=&#8221;dark&#8221; css=&#8221;.vc_custom_1505897347535{padding-top: 2vh !important;padding-bottom: 2vh !important;background-position: 0 0 !important;background-repeat: no-repeat !important;}&#8221; offset=&#8221;vc_col-md-6 vc_col-xs-12&#8243;]\t\t\t<div id=\"wd-5ffeef68a0200\" class=\"wd-text-block-wrapper wd-wpb wd-rs-5ffeef68a0200 color-scheme-custom text-left vc_custom_1610542996184\">\n\t\t\t\t<div class=\"woodmart-title-container woodmart-text-block reset-last-child font-primary wd-font-weight-400 \">\n\t\t\t\t\t<span class=\"en\">Her Ad\u0131mda Sizinle<\/span>\t\t\t\t<\/div>\n\n\t\t\t\t\t\t\t<\/div>\n\t\t[vc_zigzag align=&#8221;left&#8221; el_width=&#8221;20&#8243; css=&#8221;.vc_custom_1506086489692{margin-top: 10px !important;margin-bottom: 10px !important;}&#8221;][vc_row_inner css=&#8221;.vc_custom_1497001704725{margin-bottom: 10px !important;}&#8221;][vc_column_inner][vc_column_text css=&#8221;.vc_custom_1610543050051{margin-bottom: 20px !important;}&#8221; text_larger=&#8221;no&#8221;]Her m\u00fc\u015fteri bizim i\u00e7in benzersiz ve \u00f6zel oldu\u011fundan, her ad\u0131mda yan\u0131n\u0131zday\u0131z. Faydalar, riskler ve ilgili s\u00fcre dahil olmak \u00fczere bireysel planlar\u0131n\u0131z\u0131 tart\u0131\u015farak ba\u015fl\u0131yoruz ve yeteneklerinizi, hedeflerinizi ve ihtiya\u00e7lar\u0131n\u0131z\u0131 dikkate al\u0131yoruz. O zaman sizinle birlikte \u00e7al\u0131\u015f\u0131r\u0131z.<\/p>\n<p>T\u00fcm cihazlar\u0131 ve tedaviyi \u00f6l\u00e7me, takma, e\u011fitme, ayarlama ve izleme s\u00fcrecinin tamam\u0131 boyunca, optimum sonu\u00e7lara ula\u015fmak i\u00e7in hak etti\u011finiz bireysel ilgiyi sa\u011fl\u0131yoruz. Bak\u0131m plan\u0131n\u0131z boyunca sizinle \u00e7al\u0131\u015fmaya devam ediyoruz ve \u00e7o\u011fu durumda m\u00fc\u015fterilerimizle olan uzun vadeli ili\u015fkilerimiz \u00f6m\u00fcr boyu s\u00fcrecek bir dostluk haline geliyor.[\/vc_column_text][\/vc_column_inner][\/vc_row_inner][\/vc_column][vc_column offset=&#8221;vc_col-md-6&#8243;][vc_single_image image=&#8221;7401&#8243; img_size=&#8221;500&#215;500&#8243; alignment=&#8221;center&#8221; scroll_x=&#8221;0&#8243; scroll_y=&#8221;-80&#8243; scroll_z=&#8221;0&#8243; parallax_scroll=&#8221;yes&#8221; css=&#8221;.vc_custom_1609154524968{margin-bottom: 0px !important;}&#8221;][\/vc_column][\/vc_row]<\/p>\n<\/div>","protected":false},"excerpt":{"rendered":"<p>[vc_row content_placement=&#8221;middle&#8221; css=&#8221;.vc_custom_1505555012006{margin-bottom: 5vh !important;}&#8221;][vc_column offset=&#8221;vc_col-md-6&#8243;][\/vc_column][vc_column woodmart_color_scheme=&#8221;dark&#8221; css=&#8221;.vc_custom_1505897347535{padding-top: 2vh !important;padding-bottom: 2vh !important;background-position: 0 0 !important;background-repeat: no-repeat !important;}&#8221; offset=&#8221;vc_col-md-6 vc_col-xs-12&#8243;][vc_zigzag align=&#8221;left&#8221;<\/p>\n","protected":false},"author":1,"featured_media":0,"parent":0,"menu_order":0,"comment_status":"closed","ping_status":"closed","template":"","meta":{"footnotes":""},"class_list":["post-7928","page","type-page","status-publish","hentry"],"_links":{"self":[{"href":"https:\/\/gencogrup.com\/tr\/wp-json\/wp\/v2\/pages\/7928","targetHints":{"allow":["GET"]}}],"collection":[{"href":"https:\/\/gencogrup.com\/tr\/wp-json\/wp\/v2\/pages"}],"about":[{"href":"https:\/\/gencogrup.com\/tr\/wp-json\/wp\/v2\/types\/page"}],"author":[{"embeddable":true,"href":"https:\/\/gencogrup.com\/tr\/wp-json\/wp\/v2\/users\/1"}],"replies":[{"embeddable":true,"href":"https:\/\/gencogrup.com\/tr\/wp-json\/wp\/v2\/comments?post=7928"}],"version-history":[{"count":0,"href":"https:\/\/gencogrup.com\/tr\/wp-json\/wp\/v2\/pages\/7928\/revisions"}],"wp:attachment":[{"href":"https:\/\/gencogrup.com\/tr\/wp-json\/wp\/v2\/media?parent=7928"}],"curies":[{"name":"wp","href":"https:\/\/api.w.org\/{rel}","templated":true}]}}