{"id":9055,"date":"2021-07-27T11:19:46","date_gmt":"2021-07-27T11:19:46","guid":{"rendered":"https:\/\/gencogrup.com\/kisiye-ozel-ayakkabi\/"},"modified":"2021-08-02T08:10:43","modified_gmt":"2021-08-02T08:10:43","slug":"kisiye-ozel-ayakkabi","status":"publish","type":"page","link":"https:\/\/gencogrup.com\/tr\/kisiye-ozel-ayakkabi\/","title":{"rendered":"Ki\u015fiye \u00d6zel Ayakkab\u0131"},"content":{"rendered":"<div class=\"wpb-content-wrapper\"><p>[vc_row][vc_column width=&#8221;2\/3&#8243;]\n\t\t<div id=\"wd-602ce9f6d1d42\" class=\"title-wrapper wd-wpb wd-set-mb reset-last-child  wd-rs-602ce9f6d1d42 wd-title-color-default wd-title-style-default text-left  wd-underline-colored\">\n\t\t\t\n\t\t\t<div class=\"liner-continer\">\n\t\t\t\t<h4 class=\"woodmart-title-container title  wd-font-weight- wd-fontsize-xxl\" >AYAKLARINIZ \u0130\u00c7\u0130N DO\u011eRU UYUM<\/h4>\n\t\t\t\t\t\t\t<\/div>\n\t\t\t\n\t\t\t\n\t\t\t\n\t\t<\/div>\n\t\t\n\t\t[vc_column_text css=&#8221;.vc_custom_1613552938733{margin-bottom: 20px !important;}&#8221; text_larger=&#8221;no&#8221;]Aya\u011f\u0131n\u0131za uygun, size rahatl\u0131k sa\u011flayacak do\u011fru ayakkab\u0131y\u0131 bulmak istedi\u011finizde veya yeni ayakkab\u0131n\u0131zda dikkate al\u0131nmas\u0131 gereken \u00f6zel gereksinimleriniz oldu\u011funda. \u00c7\u00f6z\u00fcm \u0131smarlama ayakkab\u0131d\u0131r.<\/p>\n<p>GencoGrup&#8217;ta beklentilerinizi ve ihtiya\u00e7lar\u0131n\u0131z\u0131 kar\u015f\u0131layabilir ve size tam size g\u00f6re \u00f6zel yap\u0131m ayakkab\u0131 sa\u011flayabiliriz.[\/vc_column_text][vc_empty_space woodmart_hide_large=&#8221;0&#8243; woodmart_hide_medium=&#8221;0&#8243; woodmart_hide_small=&#8221;0&#8243; woodmart_hide_extra_small=&#8221;0&#8243;]\n\t\t<div id=\"wd-602ce9db9b371\" class=\"title-wrapper wd-wpb wd-set-mb reset-last-child  wd-rs-602ce9db9b371 wd-title-color-default wd-title-style-default text-left  wd-underline-colored\">\n\t\t\t\n\t\t\t<div class=\"liner-continer\">\n\t\t\t\t<h4 class=\"woodmart-title-container title  wd-font-weight- wd-fontsize-xxl\" >B\u0130R\u00c7OK SE\u00c7ENEKLER<\/h4>\n\t\t\t\t\t\t\t<\/div>\n\t\t\t\n\t\t\t\n\t\t\t\n\t\t<\/div>\n\t\t\n\t\t[vc_column_text css=&#8221;.vc_custom_1613556269166{margin-bottom: 20px !important;}&#8221; text_larger=&#8221;no&#8221;]Modifikasyonumuz a\u015fa\u011f\u0131dakileri i\u00e7erir<\/p>\n<ul>\n<li>Ayak Deformiteleri (\u015eekil Bozuklukleri)<\/li>\n<li>D\u00fcz Taban<\/li>\n<li>\u00c7arp\u0131k Ayak<\/li>\n<li>Charcot Ayak<\/li>\n<li>K\u0131sal\u0131k i\u00e7in Ayakkab\u0131<\/li>\n<li>Di\u011fer Durumlar<\/li>\n<\/ul>\n<p>Not: Bu de\u011fi\u015fikliklerden baz\u0131lar\u0131, sertifikal\u0131 bir pedorthistten re\u00e7ete gerektirir.[\/vc_column_text][vc_empty_space woodmart_hide_large=&#8221;0&#8243; woodmart_hide_medium=&#8221;0&#8243; woodmart_hide_small=&#8221;0&#8243; woodmart_hide_extra_small=&#8221;0&#8243;][vc_column_text css=&#8221;.vc_custom_1613557370899{margin-bottom: 20px !important;}&#8221; text_larger=&#8221;no&#8221;]\u00d6l\u00e7\u00fcm formumuzu ve k\u0131lavuzumuzu buradan indirebilirsiniz.[\/vc_column_text][vc_row_inner][vc_column_inner width=&#8221;1\/5&#8243;][vc_btn title=&#8221;\u00d6L\u00c7\u00dcM FORMU&#8221; style=&#8221;outline&#8221; color=&#8221;sky&#8221; link=&#8221;url:https%3A%2F%2Fgencogrup.com%2Fwp-content%2Fuploads%2F2021%2F02%2FMeasurement-Form-EN.pdf|target:_blank|&#8221;][\/vc_column_inner][vc_column_inner width=&#8221;1\/5&#8243;][vc_btn title=&#8221;\u00d6L\u00c7\u00dcM KILAVUZU&#8221; style=&#8221;outline&#8221; color=&#8221;sky&#8221; link=&#8221;url:https%3A%2F%2Fgencogrup.com%2Fwp-content%2Fuploads%2F2021%2F03%2FGuide-en.pdf|target:_blank|&#8221;][\/vc_column_inner][vc_column_inner width=&#8221;1\/5&#8243;][\/vc_column_inner][vc_column_inner width=&#8221;1\/5&#8243;][\/vc_column_inner][vc_column_inner width=&#8221;1\/5&#8243;][\/vc_column_inner][\/vc_row_inner][\/vc_column][vc_column width=&#8221;1\/3&#8243;][\/vc_column][\/vc_row]<\/p>\n<\/div>","protected":false},"excerpt":{"rendered":"<p>[vc_row][vc_column width=&#8221;2\/3&#8243;][vc_column_text css=&#8221;.vc_custom_1613552938733{margin-bottom: 20px !important;}&#8221; text_larger=&#8221;no&#8221;]Aya\u011f\u0131n\u0131za uygun, size rahatl\u0131k sa\u011flayacak do\u011fru ayakkab\u0131y\u0131 bulmak istedi\u011finizde veya yeni ayakkab\u0131n\u0131zda dikkate al\u0131nmas\u0131 gereken<\/p>\n","protected":false},"author":3,"featured_media":0,"parent":0,"menu_order":0,"comment_status":"closed","ping_status":"closed","template":"","meta":{"footnotes":""},"class_list":["post-9055","page","type-page","status-publish","hentry"],"_links":{"self":[{"href":"https:\/\/gencogrup.com\/tr\/wp-json\/wp\/v2\/pages\/9055","targetHints":{"allow":["GET"]}}],"collection":[{"href":"https:\/\/gencogrup.com\/tr\/wp-json\/wp\/v2\/pages"}],"about":[{"href":"https:\/\/gencogrup.com\/tr\/wp-json\/wp\/v2\/types\/page"}],"author":[{"embeddable":true,"href":"https:\/\/gencogrup.com\/tr\/wp-json\/wp\/v2\/users\/3"}],"replies":[{"embeddable":true,"href":"https:\/\/gencogrup.com\/tr\/wp-json\/wp\/v2\/comments?post=9055"}],"version-history":[{"count":0,"href":"https:\/\/gencogrup.com\/tr\/wp-json\/wp\/v2\/pages\/9055\/revisions"}],"wp:attachment":[{"href":"https:\/\/gencogrup.com\/tr\/wp-json\/wp\/v2\/media?parent=9055"}],"curies":[{"name":"wp","href":"https:\/\/api.w.org\/{rel}","templated":true}]}}