{"id":8005,"date":"2020-09-16T13:29:06","date_gmt":"2020-09-16T13:29:06","guid":{"rendered":"https:\/\/gencogrup.com\/product\/k801-23-01\/"},"modified":"2021-01-07T13:35:52","modified_gmt":"2021-01-07T13:35:52","slug":"k801-23-01","status":"publish","type":"product","link":"https:\/\/gencogrup.com\/tr\/urun\/k801-23-01\/","title":{"rendered":"K801-23-01: Kad\u0131n iskarpin"},"content":{"rendered":"<div class=\"wpb-content-wrapper\"><p>[vc_row content_placement=&#8221;top&#8221;][vc_column css=&#8221;.vc_custom_1532433256788{margin-right: 15px !important;}&#8221; offset=&#8221;vc_col-md-8&#8243;]\n\t\t<div id=\"wd-5ff4663e2899e\" class=\"title-wrapper wd-wpb wd-set-mb reset-last-child  wd-rs-5ff4663e2899e wd-title-color-default wd-title-style-default text-left vc_custom_1609852492932 wd-underline-colored\">\n\t\t\t\n\t\t\t<div class=\"liner-continer\">\n\t\t\t\t<h4 class=\"woodmart-title-container title  wd-font-weight-600 wd-fontsize-m\" >\u00d6zellikleri<\/h4>\n\t\t\t\t\t\t\t<\/div>\n\t\t\t\n\t\t\t\n\t\t\t\n\t\t<\/div>\n\t\t\n\t\t[vc_column_text css=&#8221;.vc_custom_1600260766572{margin-bottom: 30px !important;}&#8221; text_larger=&#8221;no&#8221;]<\/p>\n<ul>\n<li><span style=\"font-weight: 400;\">Sa\u011fl\u0131kl\u0131 do\u011fal deriden yap\u0131lm\u0131\u015ft\u0131r.\u00a0<\/span><\/li>\n<li><span style=\"font-weight: 400;\">\u00d6n k\u0131s\u0131m tam a\u00e7\u0131l\u0131r c\u0131rt sistemi ile rahat giyme imkan\u0131 sa\u011flan\u0131r.<\/span><\/li>\n<li><span style=\"font-weight: 400;\">Arka k\u0131sm\u0131 k\u0131sa yap\u0131lm\u0131\u015f olmas\u0131 \u00e7e\u015fitli taban yada sarg\u0131daki aya\u011f\u0131 deformitelerden korunmas\u0131 ama\u00e7l\u0131 tasarlanm\u0131\u015ft\u0131r.\u00a0<\/span><\/li>\n<\/ul>\n<p>[\/vc_column_text]\n\t\t<div id=\"wd-5ff4665dcf0cd\" class=\"title-wrapper wd-wpb wd-set-mb reset-last-child  wd-rs-5ff4665dcf0cd wd-title-color-default wd-title-style-default text-left vc_custom_1609852514513 wd-underline-colored\">\n\t\t\t\n\t\t\t<div class=\"liner-continer\">\n\t\t\t\t<h4 class=\"woodmart-title-container title  wd-font-weight-600 wd-fontsize-m\" >Kullan\u0131m Amac\u0131<\/h4>\n\t\t\t\t\t\t\t<\/div>\n\t\t\t\n\t\t\t\n\t\t\t\n\t\t<\/div>\n\t\t\n\t\t[vc_column_text css=&#8221;.vc_custom_1600255830794{margin-bottom: 30px !important;}&#8221; text_larger=&#8221;no&#8221;]<span style=\"font-weight: 400;\">Aya\u011f\u0131n s\u00fcrekli hava almas\u0131 gereken durumlarda kullan\u0131l\u0131r.<\/span>[\/vc_column_text][\/vc_column][vc_column offset=&#8221;vc_col-md-4&#8243;]\n\t\t<div id=\"wd-69df096c1644e\" class=\"title-wrapper wd-wpb wd-set-mb reset-last-child  wd-title-color-default wd-title-style-default text-left vc_custom_1532355352602 wd-underline-colored\">\n\t\t\t\n\t\t\t<div class=\"liner-continer\">\n\t\t\t\t<h4 class=\"woodmart-title-container title  wd-font-weight-600 wd-fontsize-m\" >Bir soru sor<\/h4>\n\t\t\t\t\t\t\t<\/div>\n\t\t\t\n\t\t\t\n\t\t\t\n\t\t<\/div>\n\t\t\n\t\t<p class=\"wpcf7-contact-form-not-found\"><strong>Hata:<\/strong> \u0130leti\u015fim formu bulunamad\u0131.<\/p>[\/vc_column][\/vc_row]<\/p>\n<\/div>","protected":false},"excerpt":{"rendered":"<p><span style=\"font-weight: 400;\">Diyabetik ayakkab\u0131 \u015fi\u015fme yapan ayaklar i\u00e7in tasarlanm\u0131\u015ft\u0131r.<\/span><\/p>\n","protected":false},"featured_media":8195,"comment_status":"closed","ping_status":"closed","template":"","meta":[],"product_brand":[],"product_cat":[83],"product_tag":[],"class_list":{"0":"post-8005","1":"product","2":"type-product","3":"status-publish","4":"has-post-thumbnail","6":"product_cat-bayan-konfor-ayakkabi","8":"first","9":"instock","10":"shipping-taxable","11":"purchasable","12":"product-type-simple"},"_links":{"self":[{"href":"https:\/\/gencogrup.com\/tr\/wp-json\/wp\/v2\/product\/8005","targetHints":{"allow":["GET"]}}],"collection":[{"href":"https:\/\/gencogrup.com\/tr\/wp-json\/wp\/v2\/product"}],"about":[{"href":"https:\/\/gencogrup.com\/tr\/wp-json\/wp\/v2\/types\/product"}],"replies":[{"embeddable":true,"href":"https:\/\/gencogrup.com\/tr\/wp-json\/wp\/v2\/comments?post=8005"}],"wp:featuredmedia":[{"embeddable":true,"href":"https:\/\/gencogrup.com\/tr\/wp-json\/wp\/v2\/media\/8195"}],"wp:attachment":[{"href":"https:\/\/gencogrup.com\/tr\/wp-json\/wp\/v2\/media?parent=8005"}],"wp:term":[{"taxonomy":"product_brand","embeddable":true,"href":"https:\/\/gencogrup.com\/tr\/wp-json\/wp\/v2\/product_brand?post=8005"},{"taxonomy":"product_cat","embeddable":true,"href":"https:\/\/gencogrup.com\/tr\/wp-json\/wp\/v2\/product_cat?post=8005"},{"taxonomy":"product_tag","embeddable":true,"href":"https:\/\/gencogrup.com\/tr\/wp-json\/wp\/v2\/product_tag?post=8005"}],"curies":[{"name":"wp","href":"https:\/\/api.w.org\/{rel}","templated":true}]}}