{"id":8019,"date":"2018-08-02T07:08:25","date_gmt":"2018-08-02T07:08:25","guid":{"rendered":"https:\/\/gencogrup.com\/product\/e905-30-2\/"},"modified":"2021-01-07T13:36:13","modified_gmt":"2021-01-07T13:36:13","slug":"e905-30-2","status":"publish","type":"product","link":"https:\/\/gencogrup.com\/tr\/urun\/e905-30-2\/","title":{"rendered":"E905-2-30: \u0130ki Kay\u0131\u015fl\u0131 \u00d6deme Ayakkab\u0131lar\u0131"},"content":{"rendered":"<div class=\"wpb-content-wrapper\"><p>[vc_row content_placement=&#8221;top&#8221;][vc_column css=&#8221;.vc_custom_1532433256788{margin-right: 15px !important;}&#8221; offset=&#8221;vc_col-md-8&#8243;]\n\t\t<div id=\"wd-5ff574fb72bc9\" class=\"title-wrapper wd-wpb wd-set-mb reset-last-child  wd-rs-5ff574fb72bc9 wd-title-color-default wd-title-style-default text-left vc_custom_1609921793682 wd-underline-colored\">\n\t\t\t\n\t\t\t<div class=\"liner-continer\">\n\t\t\t\t<h4 class=\"woodmart-title-container title  wd-font-weight-600 wd-fontsize-m\" >\u00d6zellikleri<\/h4>\n\t\t\t\t\t\t\t<\/div>\n\t\t\t\n\t\t\t\n\t\t\t\n\t\t<\/div>\n\t\t\n\t\t[vc_column_text css=&#8221;.vc_custom_1599828877716{margin-bottom: 30px !important;}&#8221; text_larger=&#8221;no&#8221;]<\/p>\n<ul>\n<li><span style=\"font-weight: 400;\">Sa\u011fl\u0131kl\u0131 malzemeden yap\u0131lm\u0131\u015f olmas\u0131 ve yumu\u015fak s\u00fcnger konulmas\u0131 daha fazla konfor sa\u011flar.<\/span><\/li>\n<li><span style=\"font-weight: 400;\">\u00d6n k\u0131s\u0131m tam a\u00e7\u0131l\u0131r sistemi ile rahat giyme imkan\u0131 sa\u011flan\u0131r.<\/span><\/li>\n<li><span style=\"font-weight: 400;\">D\u0131\u015fardan gelen darbeleri absorbe edebilmek i\u00e7in Eva malzemeden yap\u0131lan her kat\u0131 pamuk \u00a0 \u00a0kuma\u015f ile kaplanan ikili tabanl\u0131klardan yap\u0131lm\u0131\u015f olup yumu\u015fak ve kal\u0131n olmas\u0131 ama\u00e7lanm\u0131\u015ft\u0131r.\u00a0<\/span><\/li>\n<li><span style=\"font-weight: 400;\">Ameliyat sonras\u0131 ve \u00fclserli ayaklarda koruma ve g\u00fcvenilir y\u00fcr\u00fcy\u00fc\u015f sa\u011flar.<\/span><\/li>\n<\/ul>\n<p>[\/vc_column_text]\n\t\t<div id=\"wd-5ff5750ab7f42\" class=\"title-wrapper wd-wpb wd-set-mb reset-last-child  wd-rs-5ff5750ab7f42 wd-title-color-default wd-title-style-default text-left vc_custom_1609921808172 wd-underline-colored\">\n\t\t\t\n\t\t\t<div class=\"liner-continer\">\n\t\t\t\t<h4 class=\"woodmart-title-container title  wd-font-weight-600 wd-fontsize-m\" >Kullan\u0131m Amac\u0131<\/h4>\n\t\t\t\t\t\t\t<\/div>\n\t\t\t\n\t\t\t\n\t\t\t\n\t\t<\/div>\n\t\t\n\t\t[vc_column_text css=&#8221;.vc_custom_1599828769861{margin-bottom: 30px !important;}&#8221; text_larger=&#8221;no&#8221;]<span style=\"font-weight: 400;\">\u00a0Yara bak\u0131m i\u00e7in ; \u015feker hastal\u0131\u011f\u0131 olan hastalarda ve ameliyat sonras\u0131 hastalarda kullan\u0131l\u0131r.<\/span>[\/vc_column_text][\/vc_column][vc_column offset=&#8221;vc_col-md-4&#8243;]\n\t\t<div id=\"wd-69e074f8c9fa7\" class=\"title-wrapper wd-wpb wd-set-mb reset-last-child  wd-title-color-default wd-title-style-default text-left vc_custom_1532355352602 wd-underline-colored\">\n\t\t\t\n\t\t\t<div class=\"liner-continer\">\n\t\t\t\t<h4 class=\"woodmart-title-container title  wd-font-weight-600 wd-fontsize-m\" >Bir soru sor<\/h4>\n\t\t\t\t\t\t\t<\/div>\n\t\t\t\n\t\t\t\n\t\t\t\n\t\t<\/div>\n\t\t\n\t\t<p class=\"wpcf7-contact-form-not-found\"><strong>Hata:<\/strong> \u0130leti\u015fim formu bulunamad\u0131.<\/p>[\/vc_column][\/vc_row]<\/p>\n<\/div>","protected":false},"excerpt":{"rendered":"<p><span style=\"font-weight: 400;\">\u00a0Diyabetik ayak bak\u0131m\u0131 i\u00e7in aya\u011f\u0131n hava alabilmesi ve terlemeyi \u00f6nlemesi i\u00e7in tasarlanm\u0131\u015ft\u0131r.\u00a0<\/span><\/p>\n","protected":false},"featured_media":7158,"comment_status":"closed","ping_status":"closed","template":"","meta":[],"product_brand":[],"product_cat":[77],"product_tag":[],"class_list":{"0":"post-8019","1":"product","2":"type-product","3":"status-publish","4":"has-post-thumbnail","6":"product_cat-diabetik-ayakkabi","8":"first","9":"instock","10":"featured","11":"shipping-taxable","12":"purchasable","13":"product-type-simple"},"_links":{"self":[{"href":"https:\/\/gencogrup.com\/tr\/wp-json\/wp\/v2\/product\/8019","targetHints":{"allow":["GET"]}}],"collection":[{"href":"https:\/\/gencogrup.com\/tr\/wp-json\/wp\/v2\/product"}],"about":[{"href":"https:\/\/gencogrup.com\/tr\/wp-json\/wp\/v2\/types\/product"}],"replies":[{"embeddable":true,"href":"https:\/\/gencogrup.com\/tr\/wp-json\/wp\/v2\/comments?post=8019"}],"wp:featuredmedia":[{"embeddable":true,"href":"https:\/\/gencogrup.com\/tr\/wp-json\/wp\/v2\/media\/7158"}],"wp:attachment":[{"href":"https:\/\/gencogrup.com\/tr\/wp-json\/wp\/v2\/media?parent=8019"}],"wp:term":[{"taxonomy":"product_brand","embeddable":true,"href":"https:\/\/gencogrup.com\/tr\/wp-json\/wp\/v2\/product_brand?post=8019"},{"taxonomy":"product_cat","embeddable":true,"href":"https:\/\/gencogrup.com\/tr\/wp-json\/wp\/v2\/product_cat?post=8019"},{"taxonomy":"product_tag","embeddable":true,"href":"https:\/\/gencogrup.com\/tr\/wp-json\/wp\/v2\/product_tag?post=8019"}],"curies":[{"name":"wp","href":"https:\/\/api.w.org\/{rel}","templated":true}]}}