{"id":8092,"date":"2020-09-22T08:37:06","date_gmt":"2020-09-22T08:37:06","guid":{"rendered":"https:\/\/gencogrup.com\/product\/n601\/"},"modified":"2021-01-07T13:44:00","modified_gmt":"2021-01-07T13:44:00","slug":"n601","status":"publish","type":"product","link":"https:\/\/gencogrup.com\/tr\/urun\/n601\/","title":{"rendered":"N601 : Dennis Brown Ayakkab\u0131"},"content":{"rendered":"<div class=\"wpb-content-wrapper\"><p>[vc_row content_placement=&#8221;top&#8221;][vc_column css=&#8221;.vc_custom_1532433256788{margin-right: 15px !important;}&#8221; offset=&#8221;vc_col-md-8&#8243;]\n\t\t<div id=\"wd-5ff5bbe30a3df\" class=\"title-wrapper wd-wpb wd-set-mb reset-last-child  wd-rs-5ff5bbe30a3df wd-title-color-default wd-title-style-default text-left vc_custom_1609939943760 wd-underline-colored\">\n\t\t\t\n\t\t\t<div class=\"liner-continer\">\n\t\t\t\t<h4 class=\"woodmart-title-container title  wd-font-weight-600 wd-fontsize-m\" >\u00d6zellikleri<\/h4>\n\t\t\t\t\t\t\t<\/div>\n\t\t\t\n\t\t\t\n\t\t\t\n\t\t<\/div>\n\t\t\n\t\t[vc_column_text css=&#8221;.vc_custom_1600763795050{margin-bottom: 30px !important;}&#8221; text_larger=&#8221;no&#8221;]<\/p>\n<ul>\n<li><span style=\"font-weight: 400;\">L\u00fcks-do\u011fal deri sa\u011fl\u0131kl\u0131 malzemelerden yap\u0131lm\u0131\u015ft\u0131r.<\/span><\/li>\n<li><span style=\"font-weight: 400;\">Ku\u015f g\u00f6z\u00fc \u00f6n yap\u0131s\u0131 sayesinde ayak geni\u015fli\u011fini ve \u015fi\u015fme derecesine g\u00f6re ayarlanabilir.\u00a0<\/span><\/li>\n<li><span style=\"font-weight: 400;\">Ayakkab\u0131 metal materyale monte edilip a\u00e7\u0131 ayar\u0131 doktor taraf\u0131ndan yap\u0131lmal\u0131d\u0131r.<\/span><\/li>\n<li><span style=\"font-weight: 400;\">Materyale g\u00f6re i\u00e7 ve d\u0131\u015f tabanlar\u0131 vard\u0131r. Kullan\u0131m Amac\u0131 Kal\u00e7a \u00e7\u0131k\u0131\u011f\u0131, bacak ve ayak \u015fekil bozukluklar\u0131nda.<\/span><\/li>\n<\/ul>\n<p>[\/vc_column_text][\/vc_column][vc_column offset=&#8221;vc_col-md-4&#8243;]\n\t\t<div id=\"wd-69e9f1f3555ed\" class=\"title-wrapper wd-wpb wd-set-mb reset-last-child  wd-title-color-default wd-title-style-default text-left vc_custom_1532355352602 wd-underline-colored\">\n\t\t\t\n\t\t\t<div class=\"liner-continer\">\n\t\t\t\t<h4 class=\"woodmart-title-container title  wd-font-weight-600 wd-fontsize-m\" >Bir soru sor<\/h4>\n\t\t\t\t\t\t\t<\/div>\n\t\t\t\n\t\t\t\n\t\t\t\n\t\t<\/div>\n\t\t\n\t\t<p class=\"wpcf7-contact-form-not-found\"><strong>Hata:<\/strong> \u0130leti\u015fim formu bulunamad\u0131.<\/p>[\/vc_column][\/vc_row]<\/p>\n<\/div>","protected":false},"excerpt":{"rendered":"<p><span style=\"font-weight: 400;\">Ayak ve Bacak deformitelerinde 10 &#8211; 90 dereceye kadar i\u00e7e ve d\u0131\u015fa do\u011fru rotasyon verilebilir<\/span><\/p>\n","protected":false},"featured_media":7486,"comment_status":"closed","ping_status":"closed","template":"","meta":[],"product_brand":[],"product_cat":[79],"product_tag":[],"class_list":{"0":"post-8092","1":"product","2":"type-product","3":"status-publish","4":"has-post-thumbnail","6":"product_cat-cocuk-ortopedik-ayakkabi","8":"first","9":"instock","10":"shipping-taxable","11":"purchasable","12":"product-type-simple"},"_links":{"self":[{"href":"https:\/\/gencogrup.com\/tr\/wp-json\/wp\/v2\/product\/8092","targetHints":{"allow":["GET"]}}],"collection":[{"href":"https:\/\/gencogrup.com\/tr\/wp-json\/wp\/v2\/product"}],"about":[{"href":"https:\/\/gencogrup.com\/tr\/wp-json\/wp\/v2\/types\/product"}],"replies":[{"embeddable":true,"href":"https:\/\/gencogrup.com\/tr\/wp-json\/wp\/v2\/comments?post=8092"}],"wp:featuredmedia":[{"embeddable":true,"href":"https:\/\/gencogrup.com\/tr\/wp-json\/wp\/v2\/media\/7486"}],"wp:attachment":[{"href":"https:\/\/gencogrup.com\/tr\/wp-json\/wp\/v2\/media?parent=8092"}],"wp:term":[{"taxonomy":"product_brand","embeddable":true,"href":"https:\/\/gencogrup.com\/tr\/wp-json\/wp\/v2\/product_brand?post=8092"},{"taxonomy":"product_cat","embeddable":true,"href":"https:\/\/gencogrup.com\/tr\/wp-json\/wp\/v2\/product_cat?post=8092"},{"taxonomy":"product_tag","embeddable":true,"href":"https:\/\/gencogrup.com\/tr\/wp-json\/wp\/v2\/product_tag?post=8092"}],"curies":[{"name":"wp","href":"https:\/\/api.w.org\/{rel}","templated":true}]}}