{"id":8427,"date":"2021-01-12T08:15:06","date_gmt":"2021-01-12T08:15:06","guid":{"rendered":"https:\/\/gencogrup.com\/?post_type=product&#038;p=8427"},"modified":"2021-01-12T08:30:03","modified_gmt":"2021-01-12T08:30:03","slug":"504-poliuretan-duz-deri-zimbali","status":"publish","type":"product","link":"https:\/\/gencogrup.com\/tr\/urun\/504-poliuretan-duz-deri-zimbali\/","title":{"rendered":"504-Poli\u00fcretan-D\u00fcz-Deri-Z\u0131mbal\u0131"},"content":{"rendered":"","protected":false},"excerpt":{"rendered":"","protected":false},"featured_media":0,"comment_status":"closed","ping_status":"closed","template":"","meta":[],"product_brand":[],"product_cat":[78],"product_tag":[],"class_list":{"0":"post-8427","1":"product","2":"type-product","3":"status-publish","5":"product_cat-ozel-ic-tabanliklar","7":"first","8":"instock","9":"shipping-taxable","10":"product-type-simple"},"_links":{"self":[{"href":"https:\/\/gencogrup.com\/tr\/wp-json\/wp\/v2\/product\/8427","targetHints":{"allow":["GET"]}}],"collection":[{"href":"https:\/\/gencogrup.com\/tr\/wp-json\/wp\/v2\/product"}],"about":[{"href":"https:\/\/gencogrup.com\/tr\/wp-json\/wp\/v2\/types\/product"}],"replies":[{"embeddable":true,"href":"https:\/\/gencogrup.com\/tr\/wp-json\/wp\/v2\/comments?post=8427"}],"wp:attachment":[{"href":"https:\/\/gencogrup.com\/tr\/wp-json\/wp\/v2\/media?parent=8427"}],"wp:term":[{"taxonomy":"product_brand","embeddable":true,"href":"https:\/\/gencogrup.com\/tr\/wp-json\/wp\/v2\/product_brand?post=8427"},{"taxonomy":"product_cat","embeddable":true,"href":"https:\/\/gencogrup.com\/tr\/wp-json\/wp\/v2\/product_cat?post=8427"},{"taxonomy":"product_tag","embeddable":true,"href":"https:\/\/gencogrup.com\/tr\/wp-json\/wp\/v2\/product_tag?post=8427"}],"curies":[{"name":"wp","href":"https:\/\/api.w.org\/{rel}","templated":true}]}}