{"id":9332,"date":"2021-01-06T11:08:29","date_gmt":"2021-08-02T12:27:12","guid":{"rendered":"https:\/\/gencogrup.com\/product\/e906-diyabetik-ayakkabi\/"},"modified":"2024-07-15T10:54:39","modified_gmt":"2024-07-15T10:54:39","slug":"e906-diyabetik-ayakkabi","status":"publish","type":"product","link":"https:\/\/gencogrup.com\/tr\/urun\/e906-diyabetik-ayakkabi\/","title":{"rendered":"E906: Diyabetik Ayakkab\u0131"},"content":{"rendered":"<div class=\"wpb-content-wrapper\"><p>[vc_row content_placement=&#8221;top&#8221;][vc_column css=&#8221;.vc_custom_1532433256788{margin-right: 15px !important;}&#8221; offset=&#8221;vc_col-md-8&#8243;]\n\t\t<div id=\"wd-5f5b72ff15953\" class=\"title-wrapper wd-wpb wd-set-mb reset-last-child  wd-rs-5f5b72ff15953 wd-title-color-default wd-title-style-default text-left vc_custom_1599828740947 wd-underline-colored\">\n\t\t\t\n\t\t\t<div class=\"liner-continer\">\n\t\t\t\t<h4 class=\"woodmart-title-container title  wd-font-weight-600 wd-fontsize-m\" >\u00d6zellikler<\/h4>\n\t\t\t\t\t\t\t<\/div>\n\t\t\t\n\t\t\t\n\t\t\t\n\t\t<\/div>\n\t\t\n\t\t[vc_column_text css=&#8221;.vc_custom_1621240563703{margin-bottom: 30px !important;}&#8221; text_larger=&#8221;no&#8221;]- Sa\u011fl\u0131kl\u0131 malzemelerden yap\u0131lm\u0131\u015ft\u0131r.<br \/>\n&#8211; Ayarlanabilir bas\u0131n\u00e7 i\u00e7in c\u0131rtl\u0131 kay\u0131\u015f.<br \/>\n&#8211; \u0130\u00e7 taban Kesme kuvvetlerini azaltmak i\u00e7in porondan yap\u0131lm\u0131\u015ft\u0131r.<br \/>\n&#8211; Sertle\u015ftirilmi\u015f arkal\u0131k ve burun bombe k\u0131sm\u0131.<br \/>\n&#8211; Esnek nefes alabilen kuma\u015f.[\/vc_column_text]\n\t\t<div id=\"wd-60a22b0142a1d\" class=\"title-wrapper wd-wpb wd-set-mb reset-last-child  wd-rs-60a22b0142a1d wd-title-color-default wd-title-style-default text-left vc_custom_1621240585914 wd-underline-colored\">\n\t\t\t\n\t\t\t<div class=\"liner-continer\">\n\t\t\t\t<h4 class=\"woodmart-title-container title  wd-font-weight-600 wd-fontsize-m\" >Endikasyonlar<\/h4>\n\t\t\t\t\t\t\t<\/div>\n\t\t\t\n\t\t\t\n\t\t\t\n\t\t<\/div>\n\t\t\n\t\t[vc_column_text css=&#8221;.vc_custom_1621240668936{margin-bottom: 30px !important;}&#8221; text_larger=&#8221;no&#8221;]<\/p>\n<ul>\n<li>\u00dclser \u00f6nleme<\/li>\n<li>Ayak \u015fi\u015flik<\/li>\n<\/ul>\n<p>[\/vc_column_text][\/vc_column][vc_column offset=&#8221;vc_col-md-4&#8243;]\n\t\t<div id=\"wd-69e9d9bfdef0b\" class=\"title-wrapper wd-wpb wd-set-mb reset-last-child  wd-title-color-default wd-title-style-default text-left vc_custom_1532355238124 wd-underline-colored\">\n\t\t\t\n\t\t\t<div class=\"liner-continer\">\n\t\t\t\t<h4 class=\"woodmart-title-container title  wd-font-weight-600 wd-fontsize-m\" >Bizi nas\u0131l bulabilirsiniz<\/h4>\n\t\t\t\t\t\t\t<\/div>\n\t\t\t\n\t\t\t\n\t\t\t\n\t\t<\/div>\n\t\t\n\t\t[vc_column_text css=&#8221;.vc_custom_1599829005695{margin-top: 35px !important;margin-bottom: 35px !important;border-bottom-width: 1px !important;padding-bottom: 35px !important;border-bottom-color: rgba(129,129,129,0.2) !important;border-bottom-style: solid !important;}&#8221; text_larger=&#8221;no&#8221;]<\/p>\n<div class=\"info-box-wrapper \">\n<div id=\"wd-5f5a1fe8b1916\" class=\" woodmart-info-box text-left box-icon-align-left box-style- color-scheme- woodmart-bg-none box-title-small vc_custom_1599741950798\">\n<div class=\"info-box-content\">\n<div class=\"info-box-inner reset-mb-10\">\n<p><strong>Phone1: <\/strong>+90 552 700 0300<\/p>\n<\/div>\n<\/div>\n<\/div>\n<\/div>\n<div class=\"info-box-wrapper \">\n<div id=\"wd-5f5a2002b4751\" class=\" woodmart-info-box text-left box-icon-align-left box-style- color-scheme- woodmart-bg-none box-title-small vc_custom_1599741964114\">\n<div class=\"info-box-content\">\n<div class=\"info-box-inner reset-mb-10\">\n<p><strong>Phone2: <\/strong>+90 552 700 0400<\/p>\n<div class=\"info-box-wrapper \">\n<div id=\"wd-5f5a20111f16b\" class=\" woodmart-info-box text-left box-icon-align-left box-style- color-scheme- woodmart-bg-none box-title-small vc_custom_1599741979548\">\n<div class=\"info-box-content\">\n<div class=\"info-box-inner reset-mb-10\">\n<p><strong>For English: <\/strong>+90 552 700 0400<\/p>\n<\/div>\n<\/div>\n<\/div>\n<\/div>\n<div class=\"info-box-wrapper \">\n<div id=\"wd-5f5a201f8db28\" class=\" woodmart-info-box text-left box-icon-align-left box-style- color-scheme- woodmart-bg-none box-title-small vc_custom_1599741995560\">\n<div class=\"info-box-content\">\n<div class=\"info-box-inner reset-mb-10\">\n<p><strong>E-mail: <\/strong>info@gencogrup.com<\/p>\n<\/div>\n<\/div>\n<\/div>\n<\/div>\n<\/div>\n<\/div>\n<\/div>\n<\/div>\n<p>[\/vc_column_text]\n\t\t<div id=\"wd-69e9d9bfdef58\" class=\"title-wrapper wd-wpb wd-set-mb reset-last-child  wd-title-color-default wd-title-style-default text-left vc_custom_1532355352602 wd-underline-colored\">\n\t\t\t\n\t\t\t<div class=\"liner-continer\">\n\t\t\t\t<h4 class=\"woodmart-title-container title  wd-font-weight-600 wd-fontsize-m\" >Bir soru sor<\/h4>\n\t\t\t\t\t\t\t<\/div>\n\t\t\t\n\t\t\t\n\t\t\t\n\t\t<\/div>\n\t\t\n\t\t<p class=\"wpcf7-contact-form-not-found\"><strong>Hata:<\/strong> \u0130leti\u015fim formu bulunamad\u0131.<\/p>[\/vc_column][\/vc_row]<\/p>\n<\/div>","protected":false},"excerpt":{"rendered":"<p><span style=\"font-weight: 400\">\u015ei\u015fmi\u015f ayaklar i\u00e7in iyi uyum sa\u011flayan \u00f6zel tasar\u0131m<\/span><\/p>\n<p>&nbsp;<\/p>\n","protected":false},"featured_media":10557,"comment_status":"closed","ping_status":"closed","template":"","meta":[],"product_brand":[],"product_cat":[77,80],"product_tag":[],"class_list":{"0":"post-9332","1":"product","2":"type-product","3":"status-publish","4":"has-post-thumbnail","6":"product_cat-diabetik-ayakkabi","7":"product_cat-erkek-konfor-ayakkabi","9":"first","10":"instock","11":"featured","12":"shipping-taxable","13":"purchasable","14":"product-type-simple"},"_links":{"self":[{"href":"https:\/\/gencogrup.com\/tr\/wp-json\/wp\/v2\/product\/9332","targetHints":{"allow":["GET"]}}],"collection":[{"href":"https:\/\/gencogrup.com\/tr\/wp-json\/wp\/v2\/product"}],"about":[{"href":"https:\/\/gencogrup.com\/tr\/wp-json\/wp\/v2\/types\/product"}],"replies":[{"embeddable":true,"href":"https:\/\/gencogrup.com\/tr\/wp-json\/wp\/v2\/comments?post=9332"}],"wp:featuredmedia":[{"embeddable":true,"href":"https:\/\/gencogrup.com\/tr\/wp-json\/wp\/v2\/media\/10557"}],"wp:attachment":[{"href":"https:\/\/gencogrup.com\/tr\/wp-json\/wp\/v2\/media?parent=9332"}],"wp:term":[{"taxonomy":"product_brand","embeddable":true,"href":"https:\/\/gencogrup.com\/tr\/wp-json\/wp\/v2\/product_brand?post=9332"},{"taxonomy":"product_cat","embeddable":true,"href":"https:\/\/gencogrup.com\/tr\/wp-json\/wp\/v2\/product_cat?post=9332"},{"taxonomy":"product_tag","embeddable":true,"href":"https:\/\/gencogrup.com\/tr\/wp-json\/wp\/v2\/product_tag?post=9332"}],"curies":[{"name":"wp","href":"https:\/\/api.w.org\/{rel}","templated":true}]}}