{"id":9347,"date":"2020-09-14T12:23:21","date_gmt":"2021-08-02T12:33:21","guid":{"rendered":"https:\/\/gencogrup.com\/product\/e903-deri-cirtli-diyabetik-ayakkabi\/"},"modified":"2024-07-15T10:54:37","modified_gmt":"2024-07-15T10:54:37","slug":"e903-deri-cirtli-diyabetik-ayakkabi","status":"publish","type":"product","link":"https:\/\/gencogrup.com\/tr\/urun\/e903-deri-cirtli-diyabetik-ayakkabi\/","title":{"rendered":"E903: Deri C\u0131rtl\u0131 Diyabetik Ayakkab\u0131"},"content":{"rendered":"<div class=\"wpb-content-wrapper\"><p>[vc_row content_placement=&#8221;top&#8221;][vc_column css=&#8221;.vc_custom_1532433256788{margin-right: 15px !important;}&#8221; offset=&#8221;vc_col-md-8&#8243;]\n\t\t<div id=\"wd-5f5b72ff15953\" class=\"title-wrapper wd-wpb wd-set-mb reset-last-child  wd-rs-5f5b72ff15953 wd-title-color-default wd-title-style-default text-left vc_custom_1599828740947 wd-underline-colored\">\n\t\t\t\n\t\t\t<div class=\"liner-continer\">\n\t\t\t\t<h4 class=\"woodmart-title-container title  wd-font-weight-600 wd-fontsize-m\" >\u00d6zellikler<\/h4>\n\t\t\t\t\t\t\t<\/div>\n\t\t\t\n\t\t\t\n\t\t\t\n\t\t<\/div>\n\t\t\n\t\t[vc_column_text text_larger=&#8221;no&#8221;]- Hakiki Deri.<br \/>\n&#8211; Takma kolayl\u0131\u011f\u0131 i\u00e7in tamamen a\u00e7\u0131lacak \u015fekilde yap\u0131lm\u0131\u015ft\u0131r<br \/>\n&#8211; Y\u00fcr\u00fcrken rahatl\u0131k hissi verir.<br \/>\n&#8211; \u015eok emilimi i\u00e7in \u00e7ok katmanl\u0131 i\u00e7 taban.<br \/>\n&#8211; Bandajlarla bile daha iyi ayak uyumu.[\/vc_column_text]\n\t\t<div id=\"wd-5f5b7325a5beb\" class=\"title-wrapper wd-wpb wd-set-mb reset-last-child  wd-rs-5f5b7325a5beb wd-title-color-default wd-title-style-default text-left vc_custom_1599828778839 wd-underline-colored\">\n\t\t\t\n\t\t\t<div class=\"liner-continer\">\n\t\t\t\t<h4 class=\"woodmart-title-container title  wd-font-weight-600 wd-fontsize-m\" >Endikasyonlar<\/h4>\n\t\t\t\t\t\t\t<\/div>\n\t\t\t\n\t\t\t\n\t\t\t\n\t\t<\/div>\n\t\t\n\t\t[vc_column_text text_larger=&#8221;no&#8221;]Diyabetli hastalarda ve \/ veya ameliyat sonras\u0131 yara bak\u0131m\u0131 i\u00e7in kullan\u0131l\u0131r.[\/vc_column_text][\/vc_column][vc_column offset=&#8221;vc_col-md-4&#8243;]\n\t\t<div id=\"wd-69e9dda3730ac\" class=\"title-wrapper wd-wpb wd-set-mb reset-last-child  wd-title-color-default wd-title-style-default text-left vc_custom_1532355238124 wd-underline-colored\">\n\t\t\t\n\t\t\t<div class=\"liner-continer\">\n\t\t\t\t<h4 class=\"woodmart-title-container title  wd-font-weight-600 wd-fontsize-m\" >Bizi nas\u0131l bulabilirsiniz<\/h4>\n\t\t\t\t\t\t\t<\/div>\n\t\t\t\n\t\t\t\n\t\t\t\n\t\t<\/div>\n\t\t\n\t\t[vc_column_text css=&#8221;.vc_custom_1599829005695{margin-top: 35px !important;margin-bottom: 35px !important;border-bottom-width: 1px !important;padding-bottom: 35px !important;border-bottom-color: rgba(129,129,129,0.2) !important;border-bottom-style: solid !important;}&#8221; text_larger=&#8221;no&#8221;]<\/p>\n<div class=\"info-box-wrapper \">\n<div id=\"wd-5f5a1fe8b1916\" class=\" woodmart-info-box text-left box-icon-align-left box-style- color-scheme- woodmart-bg-none box-title-small vc_custom_1599741950798\">\n<div class=\"info-box-content\">\n<div class=\"info-box-inner reset-mb-10\">\n<p><strong>Phone1: <\/strong>+90 552 700 0300<\/p>\n<\/div>\n<\/div>\n<\/div>\n<\/div>\n<div class=\"info-box-wrapper \">\n<div id=\"wd-5f5a2002b4751\" class=\" woodmart-info-box text-left box-icon-align-left box-style- color-scheme- woodmart-bg-none box-title-small vc_custom_1599741964114\">\n<div class=\"info-box-content\">\n<div class=\"info-box-inner reset-mb-10\">\n<p><strong>Phone2: <\/strong>+90 552 700 0400<\/p>\n<div class=\"info-box-wrapper \">\n<div id=\"wd-5f5a20111f16b\" class=\" woodmart-info-box text-left box-icon-align-left box-style- color-scheme- woodmart-bg-none box-title-small vc_custom_1599741979548\">\n<div class=\"info-box-content\">\n<div class=\"info-box-inner reset-mb-10\">\n<p><strong>For English: <\/strong>+90 552 700 0400<\/p>\n<\/div>\n<\/div>\n<\/div>\n<\/div>\n<div class=\"info-box-wrapper \">\n<div id=\"wd-5f5a201f8db28\" class=\" woodmart-info-box text-left box-icon-align-left box-style- color-scheme- woodmart-bg-none box-title-small vc_custom_1599741995560\">\n<div class=\"info-box-content\">\n<div class=\"info-box-inner reset-mb-10\">\n<p><strong>E-mail: <\/strong>info@gencogrup.com<\/p>\n<\/div>\n<\/div>\n<\/div>\n<\/div>\n<\/div>\n<\/div>\n<\/div>\n<\/div>\n<p>[\/vc_column_text]\n\t\t<div id=\"wd-69e9dda37310f\" class=\"title-wrapper wd-wpb wd-set-mb reset-last-child  wd-title-color-default wd-title-style-default text-left vc_custom_1532355352602 wd-underline-colored\">\n\t\t\t\n\t\t\t<div class=\"liner-continer\">\n\t\t\t\t<h4 class=\"woodmart-title-container title  wd-font-weight-600 wd-fontsize-m\" >Bir soru sor<\/h4>\n\t\t\t\t\t\t\t<\/div>\n\t\t\t\n\t\t\t\n\t\t\t\n\t\t<\/div>\n\t\t\n\t\t<p class=\"wpcf7-contact-form-not-found\"><strong>Hata:<\/strong> \u0130leti\u015fim formu bulunamad\u0131.<\/p>[\/vc_column][\/vc_row]<\/p>\n<\/div>","protected":false},"excerpt":{"rendered":"<p>Diyabetik ayak i\u00e7in m\u00fckemmel bak\u0131m, bandaj tak\u0131l\u0131yken bile \u015fi\u015fmi\u015f ayaklar\u0131 bar\u0131nd\u0131r\u0131r.<\/p>\n","protected":false},"featured_media":7179,"comment_status":"closed","ping_status":"closed","template":"","meta":[],"product_brand":[],"product_cat":[41,77],"product_tag":[],"class_list":{"0":"post-9347","1":"product","2":"type-product","3":"status-publish","4":"has-post-thumbnail","6":"product_cat-diabetic-shoes","7":"product_cat-diabetik-ayakkabi","9":"first","10":"instock","11":"shipping-taxable","12":"purchasable","13":"product-type-simple"},"_links":{"self":[{"href":"https:\/\/gencogrup.com\/tr\/wp-json\/wp\/v2\/product\/9347","targetHints":{"allow":["GET"]}}],"collection":[{"href":"https:\/\/gencogrup.com\/tr\/wp-json\/wp\/v2\/product"}],"about":[{"href":"https:\/\/gencogrup.com\/tr\/wp-json\/wp\/v2\/types\/product"}],"replies":[{"embeddable":true,"href":"https:\/\/gencogrup.com\/tr\/wp-json\/wp\/v2\/comments?post=9347"}],"wp:featuredmedia":[{"embeddable":true,"href":"https:\/\/gencogrup.com\/tr\/wp-json\/wp\/v2\/media\/7179"}],"wp:attachment":[{"href":"https:\/\/gencogrup.com\/tr\/wp-json\/wp\/v2\/media?parent=9347"}],"wp:term":[{"taxonomy":"product_brand","embeddable":true,"href":"https:\/\/gencogrup.com\/tr\/wp-json\/wp\/v2\/product_brand?post=9347"},{"taxonomy":"product_cat","embeddable":true,"href":"https:\/\/gencogrup.com\/tr\/wp-json\/wp\/v2\/product_cat?post=9347"},{"taxonomy":"product_tag","embeddable":true,"href":"https:\/\/gencogrup.com\/tr\/wp-json\/wp\/v2\/product_tag?post=9347"}],"curies":[{"name":"wp","href":"https:\/\/api.w.org\/{rel}","templated":true}]}}