{"id":9400,"date":"2021-08-02T13:39:11","date_gmt":"2021-08-02T13:39:11","guid":{"rendered":"https:\/\/gencogrup.com\/product\/f901-ameliyat-sonrasi-ayakkabi\/"},"modified":"2024-07-15T10:54:39","modified_gmt":"2024-07-15T10:54:39","slug":"f901-ameliyat-sonrasi-ayakkabi","status":"publish","type":"product","link":"https:\/\/gencogrup.com\/tr\/urun\/f901-ameliyat-sonrasi-ayakkabi\/","title":{"rendered":"F901: Ameliyat Sonras\u0131 Ayakkab\u0131"},"content":{"rendered":"<div class=\"wpb-content-wrapper\"><p>[vc_row content_placement=&#8221;top&#8221;][vc_column css=&#8221;.vc_custom_1532433256788{margin-right: 15px !important;}&#8221; offset=&#8221;vc_col-md-8&#8243;]\n\t\t<div id=\"wd-60a2364755246\" class=\"title-wrapper wd-wpb wd-set-mb reset-last-child  wd-rs-60a2364755246 wd-title-color-default wd-title-style-default text-left  wd-underline-colored\">\n\t\t\t\n\t\t\t<div class=\"liner-continer\">\n\t\t\t\t<h4 class=\"woodmart-title-container title  wd-font-weight- wd-fontsize-l\" >Specifications<\/h4>\n\t\t\t\t\t\t\t<\/div>\n\t\t\t\n\t\t\t\n\t\t\t\n\t\t<\/div>\n\t\t\n\t\t[vc_column_text text_larger=&#8221;no&#8221;]-A\u00e7\u0131k tasar\u0131m, daha iyi havaland\u0131rma i\u00e7in.<br \/>\n&#8211; yumu\u015fak pamuklu kuma\u015flar<br \/>\n&#8211; Takma kolayl\u0131\u011f\u0131 i\u00e7in tamamen a\u00e7\u0131lacak \u015fekilde yap\u0131lm\u0131\u015ft\u0131r<br \/>\n&#8211; Parmak b\u00f6lgesini kapatmaya veya a\u00e7maya izin verir.<br \/>\n&#8211; \u015eok emilimi i\u00e7in \u00e7ok katmanl\u0131 i\u00e7 taban.<br \/>\n&#8211; Bandajlarla bile daha iyi ayak uyumu.<br \/>\n&#8211; Special sole design for easy walking.[\/vc_column_text]\n\t\t<div id=\"wd-60a236527e08b\" class=\"title-wrapper wd-wpb wd-set-mb reset-last-child  wd-rs-60a236527e08b wd-title-color-default wd-title-style-default text-left  wd-underline-colored\">\n\t\t\t\n\t\t\t<div class=\"liner-continer\">\n\t\t\t\t<h4 class=\"woodmart-title-container title  wd-font-weight- wd-fontsize-l\" >Endikasyonlar<\/h4>\n\t\t\t\t\t\t\t<\/div>\n\t\t\t\n\t\t\t\n\t\t\t\n\t\t<\/div>\n\t\t\n\t\t[vc_column_text text_larger=&#8221;no&#8221;]- Yara ve \u00fclser bak\u0131m\u0131<br \/>\n&#8211; Operasyonlardan sonra[\/vc_column_text][\/vc_column][vc_column offset=&#8221;vc_col-md-4&#8243;]\n\t\t<div id=\"wd-69e9f8032c2f5\" class=\"title-wrapper wd-wpb wd-set-mb reset-last-child  wd-title-color-default wd-title-style-default text-left vc_custom_1532355238124 wd-underline-colored\">\n\t\t\t\n\t\t\t<div class=\"liner-continer\">\n\t\t\t\t<h4 class=\"woodmart-title-container title  wd-font-weight-600 wd-fontsize-m\" >Bizi nas\u0131l bulabilirsiniz<\/h4>\n\t\t\t\t\t\t\t<\/div>\n\t\t\t\n\t\t\t\n\t\t\t\n\t\t<\/div>\n\t\t\n\t\t[vc_column_text css=&#8221;.vc_custom_1599829005695{margin-top: 35px !important;margin-bottom: 35px !important;border-bottom-width: 1px !important;padding-bottom: 35px !important;border-bottom-color: rgba(129,129,129,0.2) !important;border-bottom-style: solid !important;}&#8221; text_larger=&#8221;no&#8221;]<\/p>\n<div class=\"info-box-wrapper \">\n<div id=\"wd-5f5a1fe8b1916\" class=\" woodmart-info-box text-left box-icon-align-left box-style- color-scheme- woodmart-bg-none box-title-small vc_custom_1599741950798\">\n<div class=\"info-box-content\">\n<div class=\"info-box-inner reset-mb-10\">\n<p><strong>Phone1: <\/strong>+90 552 700 0300<\/p>\n<\/div>\n<\/div>\n<\/div>\n<\/div>\n<div class=\"info-box-wrapper \">\n<div id=\"wd-5f5a2002b4751\" class=\" woodmart-info-box text-left box-icon-align-left box-style- color-scheme- woodmart-bg-none box-title-small vc_custom_1599741964114\">\n<div class=\"info-box-content\">\n<div class=\"info-box-inner reset-mb-10\">\n<p><strong>Phone2: <\/strong>+90 552 700 0400<\/p>\n<div class=\"info-box-wrapper \">\n<div id=\"wd-5f5a20111f16b\" class=\" woodmart-info-box text-left box-icon-align-left box-style- color-scheme- woodmart-bg-none box-title-small vc_custom_1599741979548\">\n<div class=\"info-box-content\">\n<div class=\"info-box-inner reset-mb-10\">\n<p><strong>For English: <\/strong>+90 552 700 0400<\/p>\n<\/div>\n<\/div>\n<\/div>\n<\/div>\n<div class=\"info-box-wrapper \">\n<div id=\"wd-5f5a201f8db28\" class=\" woodmart-info-box text-left box-icon-align-left box-style- color-scheme- woodmart-bg-none box-title-small vc_custom_1599741995560\">\n<div class=\"info-box-content\">\n<div class=\"info-box-inner reset-mb-10\">\n<p><strong>E-mail: <\/strong>info@gencogrup.com<\/p>\n<\/div>\n<\/div>\n<\/div>\n<\/div>\n<\/div>\n<\/div>\n<\/div>\n<\/div>\n<p>[\/vc_column_text]\n\t\t<div id=\"wd-69e9f8032c32b\" class=\"title-wrapper wd-wpb wd-set-mb reset-last-child  wd-title-color-default wd-title-style-default text-left vc_custom_1532355352602 wd-underline-colored\">\n\t\t\t\n\t\t\t<div class=\"liner-continer\">\n\t\t\t\t<h4 class=\"woodmart-title-container title  wd-font-weight-600 wd-fontsize-m\" >Bir soru sor<\/h4>\n\t\t\t\t\t\t\t<\/div>\n\t\t\t\n\t\t\t\n\t\t\t\n\t\t<\/div>\n\t\t\n\t\t<p class=\"wpcf7-contact-form-not-found\"><strong>Hata:<\/strong> \u0130leti\u015fim formu bulunamad\u0131.<\/p>[\/vc_column][\/vc_row]<\/p>\n<\/div>","protected":false},"excerpt":{"rendered":"<p>Ameliyat sonras\u0131 ayakkab\u0131lar, bandajlar\u0131n varl\u0131\u011f\u0131nda giymek i\u00e7in yeterli alan sa\u011flar. Kolay y\u00fcr\u00fcme sa\u011flayan taban tasar\u0131m.<\/p>\n","protected":false},"featured_media":7518,"comment_status":"closed","ping_status":"closed","template":"","meta":[],"product_brand":[],"product_cat":[81],"product_tag":[],"class_list":{"0":"post-9400","1":"product","2":"type-product","3":"status-publish","4":"has-post-thumbnail","6":"product_cat-ozel-kullanimlar-icin-ayakkabi","8":"first","9":"instock","10":"shipping-taxable","11":"purchasable","12":"product-type-simple"},"_links":{"self":[{"href":"https:\/\/gencogrup.com\/tr\/wp-json\/wp\/v2\/product\/9400","targetHints":{"allow":["GET"]}}],"collection":[{"href":"https:\/\/gencogrup.com\/tr\/wp-json\/wp\/v2\/product"}],"about":[{"href":"https:\/\/gencogrup.com\/tr\/wp-json\/wp\/v2\/types\/product"}],"replies":[{"embeddable":true,"href":"https:\/\/gencogrup.com\/tr\/wp-json\/wp\/v2\/comments?post=9400"}],"wp:featuredmedia":[{"embeddable":true,"href":"https:\/\/gencogrup.com\/tr\/wp-json\/wp\/v2\/media\/7518"}],"wp:attachment":[{"href":"https:\/\/gencogrup.com\/tr\/wp-json\/wp\/v2\/media?parent=9400"}],"wp:term":[{"taxonomy":"product_brand","embeddable":true,"href":"https:\/\/gencogrup.com\/tr\/wp-json\/wp\/v2\/product_brand?post=9400"},{"taxonomy":"product_cat","embeddable":true,"href":"https:\/\/gencogrup.com\/tr\/wp-json\/wp\/v2\/product_cat?post=9400"},{"taxonomy":"product_tag","embeddable":true,"href":"https:\/\/gencogrup.com\/tr\/wp-json\/wp\/v2\/product_tag?post=9400"}],"curies":[{"name":"wp","href":"https:\/\/api.w.org\/{rel}","templated":true}]}}